{"id":90414,"date":"2021-04-21T14:01:28","date_gmt":"2021-04-21T12:01:28","guid":{"rendered":"http:\/\/www.rd-biotech.com\/mentions-legales-2\/"},"modified":"2022-09-05T16:34:30","modified_gmt":"2022-09-05T14:34:30","slug":"legal-terms","status":"publish","type":"page","link":"https:\/\/www.rd-biotech.com\/en\/legal-terms\/","title":{"rendered":"Legal terms"},"content":{"rendered":"<div class=\"wpb-content-wrapper\"><p>[vc_row row_height_percent=&#8221;0&#8243; override_padding=&#8221;yes&#8221; h_padding=&#8221;2&#8243; top_padding=&#8221;3&#8243; bottom_padding=&#8221;3&#8243; overlay_alpha=&#8221;50&#8243; gutter_size=&#8221;3&#8243; column_width_percent=&#8221;100&#8243; shift_y=&#8221;0&#8243; z_index=&#8221;0&#8243;][vc_column column_width_percent=&#8221;100&#8243; gutter_size=&#8221;2&#8243; overlay_alpha=&#8221;50&#8243; shift_x=&#8221;0&#8243; shift_y=&#8221;0&#8243; shift_y_down=&#8221;0&#8243; z_index=&#8221;0&#8243; medium_width=&#8221;0&#8243; mobile_width=&#8221;0&#8243; width=&#8221;1\/1&#8243;][vc_custom_heading text_color=&#8221;color-193705&#8243;]Editor[\/vc_custom_heading][vc_column_text]The owner and publisher of this website is RD-Biotech, a European company under French law with a capital of 210 820 \u20ac, whose head office is located at the 18 rue Fran\u00e7oise Dolto (25-Besan\u00e7on), registered at Registre du Commerce et des Soci\u00e9t\u00e9s of Besan\u00e7on with the number 442 804 266.<\/p>\n<p>Its intra-community VAT number is FR 41 442804266.[\/vc_column_text][vc_custom_heading text_color=&#8221;color-193705&#8243;]Realization[\/vc_custom_heading][vc_column_text]Agency T\u00eate de Com<br \/>\n2B rue de l&#8217;\u00c9glise,<br \/>\n25000 Besan\u00e7on<br \/>\n<a href=\"https:\/\/www.tetedecom.eu\/\" target=\"_blank\" rel=\"noopener\">www.tetedecom.eu<\/a>[\/vc_column_text][vc_custom_heading text_color=&#8221;color-193705&#8243;]Host[\/vc_custom_heading][vc_column_text]OVH SAS<br \/>\nHeadquarter : 2 rue Kellermann \u2013 59100 Roubaix \u2013 France<br \/>\nDirector of publication : Octave KLABA[\/vc_column_text][vc_custom_heading text_color=&#8221;color-193705&#8243;]Links to other websites[\/vc_custom_heading][vc_column_text]RD-Biotech proposes on its sites links towards third party sites. These links have been established in agreement with the owners of the said sites, at a time when RD-Biotech company found it relevant to do so, taking into account the contents and services of these sites. RD-Biotech be held liable for the content of these sites and for the manner in which it will be used.[\/vc_column_text][vc_custom_heading text_color=&#8221;color-193705&#8243;]Intellectual Property Rights[\/vc_custom_heading][vc_column_text]Access to the RD-Biotech company&#8217;s sites gives you the right to private and non-exclusive use of the said sites. All articles, images, or other documents on this web site are the property RD-Biotech, or are authorized by their owners, and are subject to the copyright and other intellectual property rights.<\/p>\n<p>The trademarks, logos, characters (collectively the &#8220;Brand&#8221;) displayed on this website are the property of RD-Biotech or its partners. No interpretation can be made in favor of a license of use or any right to use the Brand displayed on the website.<\/p>\n<p>The fraudulent use of the brand or any other content of the website is totally prohibited. RD-Biotech informs you that it will fully exercise its intellectual property rights and will undertake legal action, including prosecution, if necessary[\/vc_column_text][vc_custom_heading text_color=&#8221;color-193705&#8243;]Unavailability of the sites[\/vc_custom_heading][vc_column_text]RD-Biotech undertakes to make its best efforts to ensure that users have access to its sites at all times. The company RD-Biotech can&#8217;t be held held responsible, in the event of unavailability, for some cause that it is.[\/vc_column_text][\/vc_column][\/vc_row]<\/p>\n<\/div>","protected":false},"excerpt":{"rendered":"<p>[vc_row row_height_percent=&#8221;0&#8243; override_padding=&#8221;yes&#8221; h_padding=&#8221;2&#8243; top_padding=&#8221;3&#8243; bottom_padding=&#8221;3&#8243; overlay_alpha=&#8221;50&#8243; gutter_size=&#8221;3&#8243; column_width_percent=&#8221;100&#8243; shift_y=&#8221;0&#8243; z_index=&#8221;0&#8243;][vc_column column_width_percent=&#8221;100&#8243; gutter_size=&#8221;2&#8243; overlay_alpha=&#8221;50&#8243; shift_x=&#8221;0&#8243; shift_y=&#8221;0&#8243; shift_y_down=&#8221;0&#8243; z_index=&#8221;0&#8243; medium_width=&#8221;0&#8243; mobile_width=&#8221;0&#8243; [&hellip;]<\/p>\n","protected":false},"author":1,"featured_media":88280,"parent":0,"menu_order":0,"comment_status":"closed","ping_status":"closed","template":"","meta":{"_acf_changed":false,"footnotes":""},"class_list":["post-90414","page","type-page","status-publish","has-post-thumbnail","hentry"],"acf":[],"yoast_head":"<!-- This site is optimized with the Yoast SEO plugin v26.8 - https:\/\/yoast.com\/product\/yoast-seo-wordpress\/ -->\n<title>Legal terms - RD-BIOTECH<\/title>\n<meta name=\"robots\" content=\"index, follow, max-snippet:-1, max-image-preview:large, max-video-preview:-1\" \/>\n<link rel=\"canonical\" href=\"https:\/\/www.rd-biotech.com\/en\/legal-terms\/\" \/>\n<meta property=\"og:locale\" content=\"en_US\" \/>\n<meta property=\"og:type\" content=\"article\" \/>\n<meta property=\"og:title\" content=\"Legal terms - RD-BIOTECH\" \/>\n<meta property=\"og:description\" content=\"[vc_row row_height_percent=&#8221;0&#8243; override_padding=&#8221;yes&#8221; h_padding=&#8221;2&#8243; top_padding=&#8221;3&#8243; bottom_padding=&#8221;3&#8243; overlay_alpha=&#8221;50&#8243; gutter_size=&#8221;3&#8243; column_width_percent=&#8221;100&#8243; shift_y=&#8221;0&#8243; z_index=&#8221;0&#8243;][vc_column column_width_percent=&#8221;100&#8243; gutter_size=&#8221;2&#8243; overlay_alpha=&#8221;50&#8243; shift_x=&#8221;0&#8243; shift_y=&#8221;0&#8243; shift_y_down=&#8221;0&#8243; z_index=&#8221;0&#8243; medium_width=&#8221;0&#8243; mobile_width=&#8221;0&#8243; [&hellip;]\" \/>\n<meta property=\"og:url\" content=\"https:\/\/www.rd-biotech.com\/en\/legal-terms\/\" \/>\n<meta property=\"og:site_name\" content=\"RD-BIOTECH\" \/>\n<meta property=\"article:modified_time\" content=\"2022-09-05T14:34:30+00:00\" \/>\n<meta property=\"og:image\" content=\"https:\/\/www.rd-biotech.com\/wp-content\/uploads\/2021\/04\/image-labo.jpg\" \/>\n\t<meta property=\"og:image:width\" content=\"960\" \/>\n\t<meta property=\"og:image:height\" content=\"602\" \/>\n\t<meta property=\"og:image:type\" content=\"image\/jpeg\" \/>\n<meta name=\"twitter:card\" content=\"summary_large_image\" \/>\n<meta name=\"twitter:label1\" content=\"Est. reading time\" \/>\n\t<meta name=\"twitter:data1\" content=\"2 minutes\" \/>\n<script type=\"application\/ld+json\" class=\"yoast-schema-graph\">{\"@context\":\"https:\/\/schema.org\",\"@graph\":[{\"@type\":\"WebPage\",\"@id\":\"https:\/\/www.rd-biotech.com\/en\/legal-terms\/\",\"url\":\"https:\/\/www.rd-biotech.com\/en\/legal-terms\/\",\"name\":\"Legal terms - RD-BIOTECH\",\"isPartOf\":{\"@id\":\"https:\/\/www.rd-biotech.com\/en\/#website\"},\"primaryImageOfPage\":{\"@id\":\"https:\/\/www.rd-biotech.com\/en\/legal-terms\/#primaryimage\"},\"image\":{\"@id\":\"https:\/\/www.rd-biotech.com\/en\/legal-terms\/#primaryimage\"},\"thumbnailUrl\":\"https:\/\/www.rd-biotech.com\/wp-content\/uploads\/2021\/04\/image-labo.jpg\",\"datePublished\":\"2021-04-21T12:01:28+00:00\",\"dateModified\":\"2022-09-05T14:34:30+00:00\",\"breadcrumb\":{\"@id\":\"https:\/\/www.rd-biotech.com\/en\/legal-terms\/#breadcrumb\"},\"inLanguage\":\"en-US\",\"potentialAction\":[{\"@type\":\"ReadAction\",\"target\":[\"https:\/\/www.rd-biotech.com\/en\/legal-terms\/\"]}]},{\"@type\":\"ImageObject\",\"inLanguage\":\"en-US\",\"@id\":\"https:\/\/www.rd-biotech.com\/en\/legal-terms\/#primaryimage\",\"url\":\"https:\/\/www.rd-biotech.com\/wp-content\/uploads\/2021\/04\/image-labo.jpg\",\"contentUrl\":\"https:\/\/www.rd-biotech.com\/wp-content\/uploads\/2021\/04\/image-labo.jpg\",\"width\":960,\"height\":602},{\"@type\":\"BreadcrumbList\",\"@id\":\"https:\/\/www.rd-biotech.com\/en\/legal-terms\/#breadcrumb\",\"itemListElement\":[{\"@type\":\"ListItem\",\"position\":1,\"name\":\"Accueil\",\"item\":\"https:\/\/www.rd-biotech.com\/en\/\"},{\"@type\":\"ListItem\",\"position\":2,\"name\":\"Legal terms\"}]},{\"@type\":\"WebSite\",\"@id\":\"https:\/\/www.rd-biotech.com\/en\/#website\",\"url\":\"https:\/\/www.rd-biotech.com\/en\/\",\"name\":\"RD-BIOTECH\",\"description\":\"\",\"publisher\":{\"@id\":\"https:\/\/www.rd-biotech.com\/en\/#organization\"},\"potentialAction\":[{\"@type\":\"SearchAction\",\"target\":{\"@type\":\"EntryPoint\",\"urlTemplate\":\"https:\/\/www.rd-biotech.com\/en\/?s={search_term_string}\"},\"query-input\":{\"@type\":\"PropertyValueSpecification\",\"valueRequired\":true,\"valueName\":\"search_term_string\"}}],\"inLanguage\":\"en-US\"},{\"@type\":\"Organization\",\"@id\":\"https:\/\/www.rd-biotech.com\/en\/#organization\",\"name\":\"RD-Biotech\",\"url\":\"https:\/\/www.rd-biotech.com\/en\/\",\"logo\":{\"@type\":\"ImageObject\",\"inLanguage\":\"en-US\",\"@id\":\"https:\/\/www.rd-biotech.com\/en\/#\/schema\/logo\/image\/\",\"url\":\"https:\/\/www.rd-biotech.com\/wp-content\/uploads\/2021\/03\/RD-BIOTECH-bleu.svg\",\"contentUrl\":\"https:\/\/www.rd-biotech.com\/wp-content\/uploads\/2021\/03\/RD-BIOTECH-bleu.svg\",\"width\":1,\"height\":1,\"caption\":\"RD-Biotech\"},\"image\":{\"@id\":\"https:\/\/www.rd-biotech.com\/en\/#\/schema\/logo\/image\/\"}}]}<\/script>\n<!-- \/ Yoast SEO plugin. -->","yoast_head_json":{"title":"Legal terms - RD-BIOTECH","robots":{"index":"index","follow":"follow","max-snippet":"max-snippet:-1","max-image-preview":"max-image-preview:large","max-video-preview":"max-video-preview:-1"},"canonical":"https:\/\/www.rd-biotech.com\/en\/legal-terms\/","og_locale":"en_US","og_type":"article","og_title":"Legal terms - RD-BIOTECH","og_description":"[vc_row row_height_percent=&#8221;0&#8243; override_padding=&#8221;yes&#8221; h_padding=&#8221;2&#8243; top_padding=&#8221;3&#8243; bottom_padding=&#8221;3&#8243; overlay_alpha=&#8221;50&#8243; gutter_size=&#8221;3&#8243; column_width_percent=&#8221;100&#8243; shift_y=&#8221;0&#8243; z_index=&#8221;0&#8243;][vc_column column_width_percent=&#8221;100&#8243; gutter_size=&#8221;2&#8243; overlay_alpha=&#8221;50&#8243; shift_x=&#8221;0&#8243; shift_y=&#8221;0&#8243; shift_y_down=&#8221;0&#8243; z_index=&#8221;0&#8243; medium_width=&#8221;0&#8243; mobile_width=&#8221;0&#8243; [&hellip;]","og_url":"https:\/\/www.rd-biotech.com\/en\/legal-terms\/","og_site_name":"RD-BIOTECH","article_modified_time":"2022-09-05T14:34:30+00:00","og_image":[{"width":960,"height":602,"url":"https:\/\/www.rd-biotech.com\/wp-content\/uploads\/2021\/04\/image-labo.jpg","type":"image\/jpeg"}],"twitter_card":"summary_large_image","twitter_misc":{"Est. reading time":"2 minutes"},"schema":{"@context":"https:\/\/schema.org","@graph":[{"@type":"WebPage","@id":"https:\/\/www.rd-biotech.com\/en\/legal-terms\/","url":"https:\/\/www.rd-biotech.com\/en\/legal-terms\/","name":"Legal terms - RD-BIOTECH","isPartOf":{"@id":"https:\/\/www.rd-biotech.com\/en\/#website"},"primaryImageOfPage":{"@id":"https:\/\/www.rd-biotech.com\/en\/legal-terms\/#primaryimage"},"image":{"@id":"https:\/\/www.rd-biotech.com\/en\/legal-terms\/#primaryimage"},"thumbnailUrl":"https:\/\/www.rd-biotech.com\/wp-content\/uploads\/2021\/04\/image-labo.jpg","datePublished":"2021-04-21T12:01:28+00:00","dateModified":"2022-09-05T14:34:30+00:00","breadcrumb":{"@id":"https:\/\/www.rd-biotech.com\/en\/legal-terms\/#breadcrumb"},"inLanguage":"en-US","potentialAction":[{"@type":"ReadAction","target":["https:\/\/www.rd-biotech.com\/en\/legal-terms\/"]}]},{"@type":"ImageObject","inLanguage":"en-US","@id":"https:\/\/www.rd-biotech.com\/en\/legal-terms\/#primaryimage","url":"https:\/\/www.rd-biotech.com\/wp-content\/uploads\/2021\/04\/image-labo.jpg","contentUrl":"https:\/\/www.rd-biotech.com\/wp-content\/uploads\/2021\/04\/image-labo.jpg","width":960,"height":602},{"@type":"BreadcrumbList","@id":"https:\/\/www.rd-biotech.com\/en\/legal-terms\/#breadcrumb","itemListElement":[{"@type":"ListItem","position":1,"name":"Accueil","item":"https:\/\/www.rd-biotech.com\/en\/"},{"@type":"ListItem","position":2,"name":"Legal terms"}]},{"@type":"WebSite","@id":"https:\/\/www.rd-biotech.com\/en\/#website","url":"https:\/\/www.rd-biotech.com\/en\/","name":"RD-BIOTECH","description":"","publisher":{"@id":"https:\/\/www.rd-biotech.com\/en\/#organization"},"potentialAction":[{"@type":"SearchAction","target":{"@type":"EntryPoint","urlTemplate":"https:\/\/www.rd-biotech.com\/en\/?s={search_term_string}"},"query-input":{"@type":"PropertyValueSpecification","valueRequired":true,"valueName":"search_term_string"}}],"inLanguage":"en-US"},{"@type":"Organization","@id":"https:\/\/www.rd-biotech.com\/en\/#organization","name":"RD-Biotech","url":"https:\/\/www.rd-biotech.com\/en\/","logo":{"@type":"ImageObject","inLanguage":"en-US","@id":"https:\/\/www.rd-biotech.com\/en\/#\/schema\/logo\/image\/","url":"https:\/\/www.rd-biotech.com\/wp-content\/uploads\/2021\/03\/RD-BIOTECH-bleu.svg","contentUrl":"https:\/\/www.rd-biotech.com\/wp-content\/uploads\/2021\/03\/RD-BIOTECH-bleu.svg","width":1,"height":1,"caption":"RD-Biotech"},"image":{"@id":"https:\/\/www.rd-biotech.com\/en\/#\/schema\/logo\/image\/"}}]}},"_links":{"self":[{"href":"https:\/\/www.rd-biotech.com\/en\/wp-json\/wp\/v2\/pages\/90414","targetHints":{"allow":["GET"]}}],"collection":[{"href":"https:\/\/www.rd-biotech.com\/en\/wp-json\/wp\/v2\/pages"}],"about":[{"href":"https:\/\/www.rd-biotech.com\/en\/wp-json\/wp\/v2\/types\/page"}],"author":[{"embeddable":true,"href":"https:\/\/www.rd-biotech.com\/en\/wp-json\/wp\/v2\/users\/1"}],"replies":[{"embeddable":true,"href":"https:\/\/www.rd-biotech.com\/en\/wp-json\/wp\/v2\/comments?post=90414"}],"version-history":[{"count":7,"href":"https:\/\/www.rd-biotech.com\/en\/wp-json\/wp\/v2\/pages\/90414\/revisions"}],"predecessor-version":[{"id":96715,"href":"https:\/\/www.rd-biotech.com\/en\/wp-json\/wp\/v2\/pages\/90414\/revisions\/96715"}],"wp:featuredmedia":[{"embeddable":true,"href":"https:\/\/www.rd-biotech.com\/en\/wp-json\/wp\/v2\/media\/88280"}],"wp:attachment":[{"href":"https:\/\/www.rd-biotech.com\/en\/wp-json\/wp\/v2\/media?parent=90414"}],"curies":[{"name":"wp","href":"https:\/\/api.w.org\/{rel}","templated":true}]}}